{"id":641,"date":"2020-06-03T19:00:20","date_gmt":"2020-06-03T19:00:20","guid":{"rendered":"https:\/\/dr-mudancas.pt\/inicio\/?page_id=641"},"modified":"2020-06-03T22:03:47","modified_gmt":"2020-06-03T22:03:47","slug":"mudanca-residencial","status":"publish","type":"page","link":"https:\/\/dr-mudancas.pt\/inicio\/mudanca-residencial\/","title":{"rendered":"Mudan\u00e7as residenciais"},"content":{"rendered":"\t\t<div data-elementor-type=\"wp-page\" data-elementor-id=\"641\" class=\"elementor elementor-641\">\n\t\t\t\t\t\t<section class=\"elementor-section elementor-top-section elementor-element elementor-element-c3be45c elementor-section-boxed elementor-section-height-default elementor-section-height-default\" data-id=\"c3be45c\" data-element_type=\"section\" data-settings=\"{&quot;background_background&quot;:&quot;classic&quot;}\">\n\t\t\t\t\t\t\t<div class=\"elementor-background-overlay\"><\/div>\n\t\t\t\t\t\t\t<div class=\"elementor-container elementor-column-gap-default\">\n\t\t\t\t\t<div class=\"elementor-column elementor-col-100 elementor-top-column elementor-element elementor-element-0438f15\" data-id=\"0438f15\" data-element_type=\"column\">\n\t\t\t<div class=\"elementor-widget-wrap elementor-element-populated\">\n\t\t\t\t\t\t<div class=\"elementor-element elementor-element-7da04f7 elementor-widget elementor-widget-heading\" data-id=\"7da04f7\" data-element_type=\"widget\" data-widget_type=\"heading.default\">\n\t\t\t\t<div class=\"elementor-widget-container\">\n\t\t\t\t\t<h2 class=\"elementor-heading-title elementor-size-default\">Mudan\u00e7a residencial<\/h2>\t\t\t\t<\/div>\n\t\t\t\t<\/div>\n\t\t\t\t\t<\/div>\n\t\t<\/div>\n\t\t\t\t\t<\/div>\n\t\t<\/section>\n\t\t\t\t<section class=\"elementor-section elementor-top-section elementor-element elementor-element-94493c6 elementor-section-boxed elementor-section-height-default elementor-section-height-default\" data-id=\"94493c6\" data-element_type=\"section\" data-settings=\"{&quot;background_background&quot;:&quot;classic&quot;}\">\n\t\t\t\t\t\t<div class=\"elementor-container elementor-column-gap-default\">\n\t\t\t\t\t<div class=\"elementor-column elementor-col-100 elementor-top-column elementor-element elementor-element-c13821e\" data-id=\"c13821e\" data-element_type=\"column\">\n\t\t\t<div class=\"elementor-widget-wrap elementor-element-populated\">\n\t\t\t\t\t\t<div class=\"elementor-element elementor-element-2a8182f elementor-widget elementor-widget-text-editor\" data-id=\"2a8182f\" data-element_type=\"widget\" data-widget_type=\"text-editor.default\">\n\t\t\t\t<div class=\"elementor-widget-container\">\n\t\t\t\t\t\t\t\t\t<p><span style=\"font-weight: 400;\">A Doutor Mudan\u00e7as realiza mudan\u00e7as residenciais completas ou pequenas mudan\u00e7as.<\/span><span style=\"font-weight: 400;\"><br \/><\/span><span style=\"font-weight: 400;\"><br \/><\/span><span style=\"font-weight: 400;\">Realizamos o embalamento de seus bens utilizando os melhores e mais diversos materiais, de forma a acomodar a necessidade individual de cada objeto. Garantindo assim uma mudan\u00e7a organizada, r\u00e1pida e segura.<\/span><\/p><p><span style=\"font-weight: 400;\">Em nosso servi\u00e7o \u201cchave na m\u00e3o\u201d, cuidamos de tudo por si.<\/span><span style=\"font-weight: 400;\"><br \/><\/span><span style=\"font-weight: 400;\">Desmontamos, embalamos, transportamos todo recheio da casa e montamos, instalamos guardamos e organizamos tudo na casa nova. Um servi\u00e7o personalizado e sem complica\u00e7\u00f5es ou dores de cabe\u00e7a<\/span><\/p><p>\u00a0<\/p><p><span style=\"font-weight: 400;\">Para casos que exijam maior agilidade e economia, nosso servi\u00e7os express realiza sua mudan\u00e7a da forma mais r\u00e1pida e visando o menor custo poss\u00edvel, sem abrir m\u00e3o da seguran\u00e7a e organiza\u00e7\u00e3o que sempre oferecemos.<\/span><span style=\"font-weight: 400;\"><br \/><\/span><span style=\"font-weight: 400;\"><br \/><\/span>Entre agora mesmo em\u00a0<a href=\"https:\/\/dr-mudancas.pt\/inicio\/a-doutor-mudancas\" target=\"_blank\" rel=\"noopener\">contacto<\/a>\u00a0com a Doutor Mudan\u00e7as e solicite um or\u00e7amento gratuito.<\/p>\t\t\t\t\t\t\t\t<\/div>\n\t\t\t\t<\/div>\n\t\t\t\t\t<\/div>\n\t\t<\/div>\n\t\t\t\t\t<\/div>\n\t\t<\/section>\n\t\t\t\t<section class=\"elementor-section elementor-top-section elementor-element elementor-element-33139bb elementor-section-boxed elementor-section-height-default elementor-section-height-default\" data-id=\"33139bb\" data-element_type=\"section\" data-settings=\"{&quot;background_background&quot;:&quot;classic&quot;}\">\n\t\t\t\t\t\t<div class=\"elementor-container elementor-column-gap-default\">\n\t\t\t\t\t<div class=\"elementor-column elementor-col-100 elementor-top-column elementor-element elementor-element-49327ca\" data-id=\"49327ca\" data-element_type=\"column\">\n\t\t\t<div class=\"elementor-widget-wrap elementor-element-populated\">\n\t\t\t\t\t\t<div class=\"elementor-element elementor-element-3806a16 elementor-widget elementor-widget-heading\" data-id=\"3806a16\" data-element_type=\"widget\" data-widget_type=\"heading.default\">\n\t\t\t\t<div class=\"elementor-widget-container\">\n\t\t\t\t\t<h2 class=\"elementor-heading-title elementor-size-default\">Solicite um or\u00e7amento<\/h2>\t\t\t\t<\/div>\n\t\t\t\t<\/div>\n\t\t\t\t<div class=\"elementor-element elementor-element-c05ff57 elementor-widget elementor-widget-wp-widget-wpforms-widget\" data-id=\"c05ff57\" data-element_type=\"widget\" data-widget_type=\"wp-widget-wpforms-widget.default\">\n\t\t\t\t<div class=\"elementor-widget-container\">\n\t\t\t\t\t<div class=\"wpforms-container \" id=\"wpforms-616\"><form id=\"wpforms-form-616\" class=\"wpforms-validate wpforms-form\" data-formid=\"616\" method=\"post\" enctype=\"multipart\/form-data\" action=\"\/inicio\/wp-json\/wp\/v2\/pages\/641\" data-token=\"9f81d32b1270b9627cd8d815871f113d\"><noscript class=\"wpforms-error-noscript\">Please enable JavaScript in your browser to complete this form.<\/noscript><div class=\"wpforms-field-container\"><div id=\"wpforms-616-field_0-container\" class=\"wpforms-field wpforms-field-name\" data-field-id=\"0\"><label class=\"wpforms-field-label wpforms-label-hide\" for=\"wpforms-616-field_0\">Nome <span class=\"wpforms-required-label\">*<\/span><\/label><input type=\"text\" id=\"wpforms-616-field_0\" class=\"wpforms-field-large wpforms-field-required\" name=\"wpforms[fields][0]\" placeholder=\"Nome\" required><\/div><div id=\"wpforms-616-field_3-container\" class=\"wpforms-field wpforms-field-number\" data-field-id=\"3\"><label class=\"wpforms-field-label wpforms-label-hide\" for=\"wpforms-616-field_3\">Telefone <span class=\"wpforms-required-label\">*<\/span><\/label><input type=\"number\" pattern=\"\\d*\" id=\"wpforms-616-field_3\" class=\"wpforms-field-large wpforms-field-required\" name=\"wpforms[fields][3]\" placeholder=\"Telefone\" required><\/div><div id=\"wpforms-616-field_1-container\" class=\"wpforms-field wpforms-field-email\" data-field-id=\"1\"><label class=\"wpforms-field-label wpforms-label-hide\" for=\"wpforms-616-field_1\">Email <span class=\"wpforms-required-label\">*<\/span><\/label><input type=\"email\" id=\"wpforms-616-field_1\" class=\"wpforms-field-large wpforms-field-required\" name=\"wpforms[fields][1]\" placeholder=\"Email\" required><\/div><div id=\"wpforms-616-field_4-container\" class=\"wpforms-field wpforms-field-text\" data-field-id=\"4\"><label class=\"wpforms-field-label wpforms-label-hide\" for=\"wpforms-616-field_4\">Morada de origem<\/label><input type=\"text\" id=\"wpforms-616-field_4\" class=\"wpforms-field-large\" name=\"wpforms[fields][4]\" placeholder=\"Morada de origem\" ><\/div><div id=\"wpforms-616-field_5-container\" class=\"wpforms-field wpforms-field-text\" data-field-id=\"5\"><label class=\"wpforms-field-label wpforms-label-hide\" for=\"wpforms-616-field_5\">Morada de destino<\/label><input type=\"text\" id=\"wpforms-616-field_5\" class=\"wpforms-field-large\" name=\"wpforms[fields][5]\" placeholder=\"Morada de destino\" ><\/div><div id=\"wpforms-616-field_2-container\" class=\"wpforms-field wpforms-field-textarea\" data-field-id=\"2\"><label class=\"wpforms-field-label\" for=\"wpforms-616-field_2\">Detalhes<\/label><textarea id=\"wpforms-616-field_2\" class=\"wpforms-field-medium\" name=\"wpforms[fields][2]\" ><\/textarea><\/div><\/div><div class=\"wpforms-field wpforms-field-hp\"><label for=\"wpforms-616-field-hp\" class=\"wpforms-field-label\">Message<\/label><input type=\"text\" name=\"wpforms[hp]\" id=\"wpforms-616-field-hp\" class=\"wpforms-field-medium\"><\/div><div class=\"wpforms-submit-container\"><input type=\"hidden\" name=\"wpforms[id]\" value=\"616\"><input type=\"hidden\" name=\"wpforms[author]\" value=\"1\"><button type=\"submit\" name=\"wpforms[submit]\" id=\"wpforms-submit-616\" class=\"wpforms-submit\" data-alt-text=\"Enviando...\" data-submit-text=\"Solicitar\" aria-live=\"assertive\" value=\"wpforms-submit\">Solicitar<\/button><\/div><\/form><\/div>  <!-- .wpforms-container -->\t\t\t\t<\/div>\n\t\t\t\t<\/div>\n\t\t\t\t\t<\/div>\n\t\t<\/div>\n\t\t\t\t\t<\/div>\n\t\t<\/section>\n\t\t\t\t<\/div>\n\t\t","protected":false},"excerpt":{"rendered":"<p>Mudan\u00e7a residencial A Doutor Mudan\u00e7as realiza mudan\u00e7as residenciais completas ou pequenas mudan\u00e7as. Realizamos o embalamento de seus bens utilizando os melhores e mais diversos materiais, de forma a acomodar a necessidade individual de cada objeto. Garantindo assim uma mudan\u00e7a organizada, r\u00e1pida e segura. Em nosso servi\u00e7o \u201cchave na m\u00e3o\u201d, cuidamos de tudo por si.Desmontamos, embalamos, &hellip;<\/p>\n<p class=\"read-more\"> <a class=\"\" href=\"https:\/\/dr-mudancas.pt\/inicio\/mudanca-residencial\/\"> <span class=\"screen-reader-text\">Mudan\u00e7as residenciais<\/span> Read More &raquo;<\/a><\/p>\n","protected":false},"author":1,"featured_media":0,"parent":0,"menu_order":0,"comment_status":"closed","ping_status":"closed","template":"","meta":{"site-sidebar-layout":"no-sidebar","site-content-layout":"page-builder","ast-global-header-display":"","ast-main-header-display":"","ast-hfb-above-header-display":"","ast-hfb-below-header-display":"","ast-hfb-mobile-header-display":"","site-post-title":"disabled","ast-breadcrumbs-content":"","ast-featured-img":"disabled","footer-sml-layout":"","theme-transparent-header-meta":"default","adv-header-id-meta":"","stick-header-meta":"","header-above-stick-meta":"","header-main-stick-meta":"","header-below-stick-meta":"","footnotes":""},"class_list":["post-641","page","type-page","status-publish","hentry"],"_links":{"self":[{"href":"https:\/\/dr-mudancas.pt\/inicio\/wp-json\/wp\/v2\/pages\/641","targetHints":{"allow":["GET"]}}],"collection":[{"href":"https:\/\/dr-mudancas.pt\/inicio\/wp-json\/wp\/v2\/pages"}],"about":[{"href":"https:\/\/dr-mudancas.pt\/inicio\/wp-json\/wp\/v2\/types\/page"}],"author":[{"embeddable":true,"href":"https:\/\/dr-mudancas.pt\/inicio\/wp-json\/wp\/v2\/users\/1"}],"replies":[{"embeddable":true,"href":"https:\/\/dr-mudancas.pt\/inicio\/wp-json\/wp\/v2\/comments?post=641"}],"version-history":[{"count":6,"href":"https:\/\/dr-mudancas.pt\/inicio\/wp-json\/wp\/v2\/pages\/641\/revisions"}],"predecessor-version":[{"id":687,"href":"https:\/\/dr-mudancas.pt\/inicio\/wp-json\/wp\/v2\/pages\/641\/revisions\/687"}],"wp:attachment":[{"href":"https:\/\/dr-mudancas.pt\/inicio\/wp-json\/wp\/v2\/media?parent=641"}],"curies":[{"name":"wp","href":"https:\/\/api.w.org\/{rel}","templated":true}]}}