{"id":659,"date":"2020-06-03T20:47:33","date_gmt":"2020-06-03T20:47:33","guid":{"rendered":"https:\/\/dr-mudancas.pt\/inicio\/?page_id=659"},"modified":"2020-06-03T22:02:07","modified_gmt":"2020-06-03T22:02:07","slug":"transporte-e-logistica","status":"publish","type":"page","link":"https:\/\/dr-mudancas.pt\/inicio\/transporte-e-logistica\/","title":{"rendered":"Transporte e Log\u00edstica"},"content":{"rendered":"\t\t<div data-elementor-type=\"wp-page\" data-elementor-id=\"659\" class=\"elementor elementor-659\">\n\t\t\t\t\t\t<section class=\"elementor-section elementor-top-section elementor-element elementor-element-607fe26 elementor-section-boxed elementor-section-height-default elementor-section-height-default\" data-id=\"607fe26\" data-element_type=\"section\" data-settings=\"{&quot;background_background&quot;:&quot;classic&quot;}\">\n\t\t\t\t\t\t\t<div class=\"elementor-background-overlay\"><\/div>\n\t\t\t\t\t\t\t<div class=\"elementor-container elementor-column-gap-default\">\n\t\t\t\t\t<div class=\"elementor-column elementor-col-100 elementor-top-column elementor-element elementor-element-a381675\" data-id=\"a381675\" data-element_type=\"column\">\n\t\t\t<div class=\"elementor-widget-wrap elementor-element-populated\">\n\t\t\t\t\t\t<div class=\"elementor-element elementor-element-2de057d elementor-widget elementor-widget-heading\" data-id=\"2de057d\" data-element_type=\"widget\" data-widget_type=\"heading.default\">\n\t\t\t\t<div class=\"elementor-widget-container\">\n\t\t\t\t\t<h2 class=\"elementor-heading-title elementor-size-default\">Transporte e Log\u00edstica<\/h2>\t\t\t\t<\/div>\n\t\t\t\t<\/div>\n\t\t\t\t\t<\/div>\n\t\t<\/div>\n\t\t\t\t\t<\/div>\n\t\t<\/section>\n\t\t\t\t<section class=\"elementor-section elementor-top-section elementor-element elementor-element-4c5be9e elementor-section-boxed elementor-section-height-default elementor-section-height-default\" data-id=\"4c5be9e\" data-element_type=\"section\" data-settings=\"{&quot;background_background&quot;:&quot;classic&quot;}\">\n\t\t\t\t\t\t<div class=\"elementor-container elementor-column-gap-default\">\n\t\t\t\t\t<div class=\"elementor-column elementor-col-100 elementor-top-column elementor-element elementor-element-42c02a5\" data-id=\"42c02a5\" data-element_type=\"column\">\n\t\t\t<div class=\"elementor-widget-wrap elementor-element-populated\">\n\t\t\t\t\t\t<div class=\"elementor-element elementor-element-6678ecd elementor-widget elementor-widget-text-editor\" data-id=\"6678ecd\" data-element_type=\"widget\" data-widget_type=\"text-editor.default\">\n\t\t\t\t<div class=\"elementor-widget-container\">\n\t\t\t\t\t\t\t\t\t<p><span style=\"font-weight: 400;\">H\u00e1 mais de 15 anos no mercado, realizamos o transporte dos mais variados bens com seguran\u00e7a e agilidade.<\/span><\/p><p><span style=\"font-weight: 400;\">Nossa equipe experiente e profissional est\u00e1 apta a embalar, manusear e transportar diversos tipos de carga especial, como pianos, quadros, esculturas, obras de arte, cofres e etc.<\/span><\/p><p><span style=\"font-weight: 400;\">Visando uma mudan\u00e7a \u00e1gil e segura mesmo em casos de dif\u00edcil acesso, dispomos de elevador exterior (grua ou plataforma elevat\u00f3ria) e tratamos da solicita\u00e7\u00e3o de licen\u00e7a junto \u00e0 c\u00e2mara municipal, e de apoio policial.<\/span><\/p><p><span style=\"font-weight: 400;\">Entre agora mesmo em\u00a0<\/span><a href=\"\/a-doutor-mudancas\" target=\"_blank\" rel=\"noopener\">contacto<\/a><span style=\"font-weight: 400;\">\u00a0com a Doutor Mudan\u00e7as e solicite um or\u00e7amento gratuito.<\/span><\/p>\t\t\t\t\t\t\t\t<\/div>\n\t\t\t\t<\/div>\n\t\t\t\t\t<\/div>\n\t\t<\/div>\n\t\t\t\t\t<\/div>\n\t\t<\/section>\n\t\t\t\t<section class=\"elementor-section elementor-top-section elementor-element elementor-element-a74bfd0 elementor-section-boxed elementor-section-height-default elementor-section-height-default\" data-id=\"a74bfd0\" data-element_type=\"section\" data-settings=\"{&quot;background_background&quot;:&quot;classic&quot;}\">\n\t\t\t\t\t\t<div class=\"elementor-container elementor-column-gap-default\">\n\t\t\t\t\t<div class=\"elementor-column elementor-col-100 elementor-top-column elementor-element elementor-element-913616a\" data-id=\"913616a\" data-element_type=\"column\">\n\t\t\t<div class=\"elementor-widget-wrap elementor-element-populated\">\n\t\t\t\t\t\t<div class=\"elementor-element elementor-element-f77e859 elementor-widget elementor-widget-heading\" data-id=\"f77e859\" data-element_type=\"widget\" data-widget_type=\"heading.default\">\n\t\t\t\t<div class=\"elementor-widget-container\">\n\t\t\t\t\t<h2 class=\"elementor-heading-title elementor-size-default\">Solicite um or\u00e7amento<\/h2>\t\t\t\t<\/div>\n\t\t\t\t<\/div>\n\t\t\t\t<div class=\"elementor-element elementor-element-a94fd33 elementor-widget elementor-widget-wp-widget-wpforms-widget\" data-id=\"a94fd33\" data-element_type=\"widget\" data-widget_type=\"wp-widget-wpforms-widget.default\">\n\t\t\t\t<div class=\"elementor-widget-container\">\n\t\t\t\t\t<div class=\"wpforms-container \" id=\"wpforms-616\"><form id=\"wpforms-form-616\" class=\"wpforms-validate wpforms-form\" data-formid=\"616\" method=\"post\" enctype=\"multipart\/form-data\" action=\"\/inicio\/wp-json\/wp\/v2\/pages\/659\" data-token=\"9f81d32b1270b9627cd8d815871f113d\"><noscript class=\"wpforms-error-noscript\">Please enable JavaScript in your browser to complete this form.<\/noscript><div class=\"wpforms-field-container\"><div id=\"wpforms-616-field_0-container\" class=\"wpforms-field wpforms-field-name\" data-field-id=\"0\"><label class=\"wpforms-field-label wpforms-label-hide\" for=\"wpforms-616-field_0\">Nome <span class=\"wpforms-required-label\">*<\/span><\/label><input type=\"text\" id=\"wpforms-616-field_0\" class=\"wpforms-field-large wpforms-field-required\" name=\"wpforms[fields][0]\" placeholder=\"Nome\" required><\/div><div id=\"wpforms-616-field_3-container\" class=\"wpforms-field wpforms-field-number\" data-field-id=\"3\"><label class=\"wpforms-field-label wpforms-label-hide\" for=\"wpforms-616-field_3\">Telefone <span class=\"wpforms-required-label\">*<\/span><\/label><input type=\"number\" pattern=\"\\d*\" id=\"wpforms-616-field_3\" class=\"wpforms-field-large wpforms-field-required\" name=\"wpforms[fields][3]\" placeholder=\"Telefone\" required><\/div><div id=\"wpforms-616-field_1-container\" class=\"wpforms-field wpforms-field-email\" data-field-id=\"1\"><label class=\"wpforms-field-label wpforms-label-hide\" for=\"wpforms-616-field_1\">Email <span class=\"wpforms-required-label\">*<\/span><\/label><input type=\"email\" id=\"wpforms-616-field_1\" class=\"wpforms-field-large wpforms-field-required\" name=\"wpforms[fields][1]\" placeholder=\"Email\" required><\/div><div id=\"wpforms-616-field_4-container\" class=\"wpforms-field wpforms-field-text\" data-field-id=\"4\"><label class=\"wpforms-field-label wpforms-label-hide\" for=\"wpforms-616-field_4\">Morada de origem<\/label><input type=\"text\" id=\"wpforms-616-field_4\" class=\"wpforms-field-large\" name=\"wpforms[fields][4]\" placeholder=\"Morada de origem\" ><\/div><div id=\"wpforms-616-field_5-container\" class=\"wpforms-field wpforms-field-text\" data-field-id=\"5\"><label class=\"wpforms-field-label wpforms-label-hide\" for=\"wpforms-616-field_5\">Morada de destino<\/label><input type=\"text\" id=\"wpforms-616-field_5\" class=\"wpforms-field-large\" name=\"wpforms[fields][5]\" placeholder=\"Morada de destino\" ><\/div><div id=\"wpforms-616-field_2-container\" class=\"wpforms-field wpforms-field-textarea\" data-field-id=\"2\"><label class=\"wpforms-field-label\" for=\"wpforms-616-field_2\">Detalhes<\/label><textarea id=\"wpforms-616-field_2\" class=\"wpforms-field-medium\" name=\"wpforms[fields][2]\" ><\/textarea><\/div><\/div><div class=\"wpforms-field wpforms-field-hp\"><label for=\"wpforms-616-field-hp\" class=\"wpforms-field-label\">Phone<\/label><input type=\"text\" name=\"wpforms[hp]\" id=\"wpforms-616-field-hp\" class=\"wpforms-field-medium\"><\/div><div class=\"wpforms-submit-container\"><input type=\"hidden\" name=\"wpforms[id]\" value=\"616\"><input type=\"hidden\" name=\"wpforms[author]\" value=\"1\"><button type=\"submit\" name=\"wpforms[submit]\" id=\"wpforms-submit-616\" class=\"wpforms-submit\" data-alt-text=\"Enviando...\" data-submit-text=\"Solicitar\" aria-live=\"assertive\" value=\"wpforms-submit\">Solicitar<\/button><\/div><\/form><\/div>  <!-- .wpforms-container -->\t\t\t\t<\/div>\n\t\t\t\t<\/div>\n\t\t\t\t\t<\/div>\n\t\t<\/div>\n\t\t\t\t\t<\/div>\n\t\t<\/section>\n\t\t\t\t<\/div>\n\t\t","protected":false},"excerpt":{"rendered":"<p>Transporte e Log\u00edstica H\u00e1 mais de 15 anos no mercado, realizamos o transporte dos mais variados bens com seguran\u00e7a e agilidade. Nossa equipe experiente e profissional est\u00e1 apta a embalar, manusear e transportar diversos tipos de carga especial, como pianos, quadros, esculturas, obras de arte, cofres e etc. Visando uma mudan\u00e7a \u00e1gil e segura mesmo &hellip;<\/p>\n<p class=\"read-more\"> <a class=\"\" href=\"https:\/\/dr-mudancas.pt\/inicio\/transporte-e-logistica\/\"> <span class=\"screen-reader-text\">Transporte e Log\u00edstica<\/span> Read More &raquo;<\/a><\/p>\n","protected":false},"author":1,"featured_media":0,"parent":0,"menu_order":0,"comment_status":"closed","ping_status":"closed","template":"","meta":{"site-sidebar-layout":"no-sidebar","site-content-layout":"page-builder","ast-global-header-display":"","ast-main-header-display":"","ast-hfb-above-header-display":"","ast-hfb-below-header-display":"","ast-hfb-mobile-header-display":"","site-post-title":"disabled","ast-breadcrumbs-content":"","ast-featured-img":"disabled","footer-sml-layout":"","theme-transparent-header-meta":"default","adv-header-id-meta":"","stick-header-meta":"","header-above-stick-meta":"","header-main-stick-meta":"","header-below-stick-meta":"","footnotes":""},"class_list":["post-659","page","type-page","status-publish","hentry"],"_links":{"self":[{"href":"https:\/\/dr-mudancas.pt\/inicio\/wp-json\/wp\/v2\/pages\/659","targetHints":{"allow":["GET"]}}],"collection":[{"href":"https:\/\/dr-mudancas.pt\/inicio\/wp-json\/wp\/v2\/pages"}],"about":[{"href":"https:\/\/dr-mudancas.pt\/inicio\/wp-json\/wp\/v2\/types\/page"}],"author":[{"embeddable":true,"href":"https:\/\/dr-mudancas.pt\/inicio\/wp-json\/wp\/v2\/users\/1"}],"replies":[{"embeddable":true,"href":"https:\/\/dr-mudancas.pt\/inicio\/wp-json\/wp\/v2\/comments?post=659"}],"version-history":[{"count":5,"href":"https:\/\/dr-mudancas.pt\/inicio\/wp-json\/wp\/v2\/pages\/659\/revisions"}],"predecessor-version":[{"id":686,"href":"https:\/\/dr-mudancas.pt\/inicio\/wp-json\/wp\/v2\/pages\/659\/revisions\/686"}],"wp:attachment":[{"href":"https:\/\/dr-mudancas.pt\/inicio\/wp-json\/wp\/v2\/media?parent=659"}],"curies":[{"name":"wp","href":"https:\/\/api.w.org\/{rel}","templated":true}]}}