{"id":663,"date":"2020-06-03T21:29:22","date_gmt":"2020-06-03T21:29:22","guid":{"rendered":"https:\/\/dr-mudancas.pt\/inicio\/?page_id=663"},"modified":"2021-06-02T10:39:47","modified_gmt":"2021-06-02T10:39:47","slug":"a-doutor-mudancas","status":"publish","type":"page","link":"https:\/\/dr-mudancas.pt\/inicio\/a-doutor-mudancas\/","title":{"rendered":"A Doutor Mudan\u00e7as"},"content":{"rendered":"\t\t<div data-elementor-type=\"wp-page\" data-elementor-id=\"663\" class=\"elementor elementor-663\">\n\t\t\t\t\t\t<section class=\"elementor-section elementor-top-section elementor-element elementor-element-d2c3ac6 elementor-section-boxed elementor-section-height-default elementor-section-height-default\" data-id=\"d2c3ac6\" data-element_type=\"section\" data-settings=\"{&quot;background_background&quot;:&quot;classic&quot;}\">\n\t\t\t\t\t\t<div class=\"elementor-container elementor-column-gap-default\">\n\t\t\t\t\t<div class=\"elementor-column elementor-col-100 elementor-top-column elementor-element elementor-element-19e46ad\" data-id=\"19e46ad\" data-element_type=\"column\">\n\t\t\t<div class=\"elementor-widget-wrap elementor-element-populated\">\n\t\t\t\t\t\t<div class=\"elementor-element elementor-element-bf0d0ee elementor-widget elementor-widget-heading\" data-id=\"bf0d0ee\" data-element_type=\"widget\" data-widget_type=\"heading.default\">\n\t\t\t\t<div class=\"elementor-widget-container\">\n\t\t\t\t\t<h2 class=\"elementor-heading-title elementor-size-default\">Contactos<\/h2>\t\t\t\t<\/div>\n\t\t\t\t<\/div>\n\t\t\t\t<div class=\"elementor-element elementor-element-ab0adc3 elementor-widget elementor-widget-text-editor\" data-id=\"ab0adc3\" data-element_type=\"widget\" data-widget_type=\"text-editor.default\">\n\t\t\t\t<div class=\"elementor-widget-container\">\n\t\t\t\t\t\t\t\t\t<p>A Doutor Mudan\u00e7as \u00e9 uma empresa mudan\u00e7as e transportes com armazenagem de bens em Lisboa. Exercemos nossa actividade na Grande Lisboa e Margem Sul sempre com seguran\u00e7a, pontualidade, honestidade e efici\u00eancia, al\u00e9m de os melhores materiais de embalamento. Somos uma empresa de mudan\u00e7a Certificada com Alvar\u00e1 TP. As nossas tarifas s\u00e3o variadas, por\u00e9m acess\u00edveis a todos.<\/p><p><span style=\"font-weight: 400;\">Entre agora mesmo em contacto com a Doutor Mudan\u00e7as e solicite um or\u00e7amento gratuito.<\/span><\/p>\t\t\t\t\t\t\t\t<\/div>\n\t\t\t\t<\/div>\n\t\t\t\t<section class=\"elementor-section elementor-inner-section elementor-element elementor-element-6955ce8 elementor-section-boxed elementor-section-height-default elementor-section-height-default\" data-id=\"6955ce8\" data-element_type=\"section\">\n\t\t\t\t\t\t<div class=\"elementor-container elementor-column-gap-default\">\n\t\t\t\t\t<div class=\"elementor-column elementor-col-50 elementor-inner-column elementor-element elementor-element-0ebdab9\" data-id=\"0ebdab9\" data-element_type=\"column\">\n\t\t\t<div class=\"elementor-widget-wrap elementor-element-populated\">\n\t\t\t\t\t\t<div class=\"elementor-element elementor-element-a48f8a6 elementor-widget elementor-widget-heading\" data-id=\"a48f8a6\" data-element_type=\"widget\" data-widget_type=\"heading.default\">\n\t\t\t\t<div class=\"elementor-widget-container\">\n\t\t\t\t\t<h3 class=\"elementor-heading-title elementor-size-default\">Mais informa\u00e7oes ou or\u00e7amentos<\/h3>\t\t\t\t<\/div>\n\t\t\t\t<\/div>\n\t\t\t\t<div class=\"elementor-element elementor-element-facedb7 elementor-widget elementor-widget-text-editor\" data-id=\"facedb7\" data-element_type=\"widget\" data-widget_type=\"text-editor.default\">\n\t\t\t\t<div class=\"elementor-widget-container\">\n\t\t\t\t\t\t\t\t\t<p><span style=\"font-weight: 400;\">211 535 051<\/span><\/p><p><span style=\"font-weight: 400;\">933 067 920<\/span><\/p><p><span style=\"font-weight: 400;\">info@dr-mudancas.pt<\/span><\/p>\t\t\t\t\t\t\t\t<\/div>\n\t\t\t\t<\/div>\n\t\t\t\t\t<\/div>\n\t\t<\/div>\n\t\t\t\t<div class=\"elementor-column elementor-col-50 elementor-inner-column elementor-element elementor-element-98b109f\" data-id=\"98b109f\" data-element_type=\"column\">\n\t\t\t<div class=\"elementor-widget-wrap elementor-element-populated\">\n\t\t\t\t\t\t<div class=\"elementor-element elementor-element-e8c3bb0 elementor-widget elementor-widget-image\" data-id=\"e8c3bb0\" data-element_type=\"widget\" data-widget_type=\"image.default\">\n\t\t\t\t<div class=\"elementor-widget-container\">\n\t\t\t\t\t\t\t\t\t\t\t\t\t\t\t<img fetchpriority=\"high\" decoding=\"async\" width=\"252\" height=\"300\" src=\"https:\/\/mlx21n1e9y4f.i.optimole.com\/zENiyl4-kD0wWS0q\/w:auto\/h:auto\/q:mauto\/f:avif\/https:\/\/dr-mudancas.pt\/inicio\/wp-content\/uploads\/2020\/06\/doutor-mudanca-lgv.png\" class=\"attachment-medium size-medium wp-image-667\" alt=\"\" \/>\t\t\t\t\t\t\t\t\t\t\t\t\t\t\t<\/div>\n\t\t\t\t<\/div>\n\t\t\t\t\t<\/div>\n\t\t<\/div>\n\t\t\t\t\t<\/div>\n\t\t<\/section>\n\t\t\t\t\t<\/div>\n\t\t<\/div>\n\t\t\t\t\t<\/div>\n\t\t<\/section>\n\t\t\t\t<section class=\"elementor-section elementor-top-section elementor-element elementor-element-3775a8f elementor-section-boxed elementor-section-height-default elementor-section-height-default\" data-id=\"3775a8f\" data-element_type=\"section\">\n\t\t\t\t\t\t<div class=\"elementor-container elementor-column-gap-default\">\n\t\t\t\t\t<div class=\"elementor-column elementor-col-100 elementor-top-column elementor-element elementor-element-5d0ee98\" data-id=\"5d0ee98\" data-element_type=\"column\">\n\t\t\t<div class=\"elementor-widget-wrap elementor-element-populated\">\n\t\t\t\t\t\t<div class=\"elementor-element elementor-element-836bcfd elementor-widget elementor-widget-heading\" data-id=\"836bcfd\" data-element_type=\"widget\" data-widget_type=\"heading.default\">\n\t\t\t\t<div class=\"elementor-widget-container\">\n\t\t\t\t\t<h3 class=\"elementor-heading-title elementor-size-default\">Solicite um or\u00e7amento<\/h3>\t\t\t\t<\/div>\n\t\t\t\t<\/div>\n\t\t\t\t\t<\/div>\n\t\t<\/div>\n\t\t\t\t\t<\/div>\n\t\t<\/section>\n\t\t\t\t<section class=\"elementor-section elementor-top-section elementor-element elementor-element-55e3d84 elementor-section-boxed elementor-section-height-default elementor-section-height-default\" data-id=\"55e3d84\" data-element_type=\"section\">\n\t\t\t\t\t\t<div class=\"elementor-container elementor-column-gap-default\">\n\t\t\t\t\t<div class=\"elementor-column elementor-col-100 elementor-top-column elementor-element elementor-element-2a42f2ab\" data-id=\"2a42f2ab\" data-element_type=\"column\">\n\t\t\t<div class=\"elementor-widget-wrap\">\n\t\t\t\t\t\t\t<\/div>\n\t\t<\/div>\n\t\t\t\t\t<\/div>\n\t\t<\/section>\n\t\t\t\t<section class=\"elementor-section elementor-top-section elementor-element elementor-element-1c291856 elementor-section-boxed elementor-section-height-default elementor-section-height-default\" data-id=\"1c291856\" data-element_type=\"section\">\n\t\t\t\t\t\t<div class=\"elementor-container elementor-column-gap-default\">\n\t\t\t\t\t<div class=\"elementor-column elementor-col-100 elementor-top-column elementor-element elementor-element-a376bdb\" data-id=\"a376bdb\" data-element_type=\"column\">\n\t\t\t<div class=\"elementor-widget-wrap elementor-element-populated\">\n\t\t\t\t\t\t<div class=\"elementor-element elementor-element-6c7d27b6 elementor-button-align-stretch elementor-widget elementor-widget-form\" data-id=\"6c7d27b6\" data-element_type=\"widget\" data-settings=\"{&quot;step_next_label&quot;:&quot;Next&quot;,&quot;step_previous_label&quot;:&quot;Previous&quot;,&quot;button_width&quot;:&quot;100&quot;,&quot;step_type&quot;:&quot;number_text&quot;,&quot;step_icon_shape&quot;:&quot;circle&quot;}\" data-widget_type=\"form.default\">\n\t\t\t\t<div class=\"elementor-widget-container\">\n\t\t\t\t\t\t\t<form class=\"elementor-form\" method=\"post\" name=\"New Form\">\n\t\t\t<input type=\"hidden\" name=\"post_id\" value=\"663\"\/>\n\t\t\t<input type=\"hidden\" name=\"form_id\" value=\"6c7d27b6\"\/>\n\t\t\t<input type=\"hidden\" name=\"referer_title\" value=\"\" \/>\n\n\t\t\t\n\t\t\t<div class=\"elementor-form-fields-wrapper elementor-labels-above\">\n\t\t\t\t\t\t\t\t<div class=\"elementor-field-type-text elementor-field-group elementor-column elementor-field-group-name elementor-col-100\">\n\t\t\t\t\t\t\t\t\t\t\t\t<label for=\"form-field-name\" class=\"elementor-field-label\">\n\t\t\t\t\t\t\t\tName\t\t\t\t\t\t\t<\/label>\n\t\t\t\t\t\t\t\t\t\t\t\t\t\t<input size=\"1\" type=\"text\" name=\"form_fields[name]\" id=\"form-field-name\" class=\"elementor-field elementor-size-sm  elementor-field-textual\" placeholder=\"Name\">\n\t\t\t\t\t\t\t\t\t\t\t<\/div>\n\t\t\t\t\t\t\t\t<div class=\"elementor-field-type-email elementor-field-group elementor-column elementor-field-group-email elementor-col-50 elementor-field-required\">\n\t\t\t\t\t\t\t\t\t\t\t\t<label for=\"form-field-email\" class=\"elementor-field-label\">\n\t\t\t\t\t\t\t\tEmail\t\t\t\t\t\t\t<\/label>\n\t\t\t\t\t\t\t\t\t\t\t\t\t\t<input size=\"1\" type=\"email\" name=\"form_fields[email]\" id=\"form-field-email\" class=\"elementor-field elementor-size-sm  elementor-field-textual\" placeholder=\"Email\" required=\"required\" aria-required=\"true\">\n\t\t\t\t\t\t\t\t\t\t\t<\/div>\n\t\t\t\t\t\t\t\t<div class=\"elementor-field-type-tel elementor-field-group elementor-column elementor-field-group-field_863049a elementor-col-50 elementor-field-required\">\n\t\t\t\t\t\t\t\t\t\t\t\t<label for=\"form-field-field_863049a\" class=\"elementor-field-label\">\n\t\t\t\t\t\t\t\tTelem\u00f3vel\t\t\t\t\t\t\t<\/label>\n\t\t\t\t\t\t\t\t<input size=\"1\" type=\"tel\" name=\"form_fields[field_863049a]\" id=\"form-field-field_863049a\" class=\"elementor-field elementor-size-sm  elementor-field-textual\" placeholder=\"Telem\u00f3vel\" required=\"required\" aria-required=\"true\" pattern=\"[0-9()#&amp;+*-=.]+\" title=\"Only numbers and phone characters (#, -, *, etc) are accepted.\">\n\n\t\t\t\t\t\t<\/div>\n\t\t\t\t\t\t\t\t<div class=\"elementor-field-type-text elementor-field-group elementor-column elementor-field-group-field_cadd1d6 elementor-col-30\">\n\t\t\t\t\t\t\t\t\t\t\t\t<label for=\"form-field-field_cadd1d6\" class=\"elementor-field-label\">\n\t\t\t\t\t\t\t\tMORADA DE CARGA\t\t\t\t\t\t\t<\/label>\n\t\t\t\t\t\t\t\t\t\t\t\t\t\t<input size=\"1\" type=\"text\" name=\"form_fields[field_cadd1d6]\" id=\"form-field-field_cadd1d6\" class=\"elementor-field elementor-size-sm  elementor-field-textual\" placeholder=\"MORADA DE CARGA\">\n\t\t\t\t\t\t\t\t\t\t\t<\/div>\n\t\t\t\t\t\t\t\t<div class=\"elementor-field-type-text elementor-field-group elementor-column elementor-field-group-field_82e754d elementor-col-30\">\n\t\t\t\t\t\t\t\t\t\t\t\t<label for=\"form-field-field_82e754d\" class=\"elementor-field-label\">\n\t\t\t\t\t\t\t\tMORADA DE DESCARGA\t\t\t\t\t\t\t<\/label>\n\t\t\t\t\t\t\t\t\t\t\t\t\t\t<input size=\"1\" type=\"text\" name=\"form_fields[field_82e754d]\" id=\"form-field-field_82e754d\" class=\"elementor-field elementor-size-sm  elementor-field-textual\" placeholder=\"MORADA DE DESCARGA\">\n\t\t\t\t\t\t\t\t\t\t\t<\/div>\n\t\t\t\t\t\t\t\t<div class=\"elementor-field-type-select elementor-field-group elementor-column elementor-field-group-field_16d8659 elementor-col-30 elementor-field-required\">\n\t\t\t\t\t\t\t\t\t\t\t\t<label for=\"form-field-field_16d8659\" class=\"elementor-field-label\">\n\t\t\t\t\t\t\t\tELEVADORES \t\t\t\t\t\t\t<\/label>\n\t\t\t\t\t\t\t\t<div class=\"elementor-field elementor-select-wrapper remove-before \">\n\t\t\t<div class=\"select-caret-down-wrapper\">\n\t\t\t\t<i aria-hidden=\"true\" class=\"eicon-caret-down\"><\/i>\t\t\t<\/div>\n\t\t\t<select name=\"form_fields[field_16d8659]\" id=\"form-field-field_16d8659\" class=\"elementor-field-textual elementor-size-sm\" required=\"required\" aria-required=\"true\">\n\t\t\t\t\t\t\t\t\t<option value=\"SIM\">SIM<\/option>\n\t\t\t\t\t\t\t\t\t<option value=\"N\u00c3O\">N\u00c3O<\/option>\n\t\t\t\t\t\t\t<\/select>\n\t\t<\/div>\n\t\t\t\t\t\t<\/div>\n\t\t\t\t\t\t\t\t<div class=\"elementor-field-type-date elementor-field-group elementor-column elementor-field-group-field_59ba4e8 elementor-col-30 elementor-field-required\">\n\t\t\t\t\t\t\t\t\t\t\t\t<label for=\"form-field-field_59ba4e8\" class=\"elementor-field-label\">\n\t\t\t\t\t\t\t\tDATA PRETENDIDA\t\t\t\t\t\t\t<\/label>\n\t\t\t\t\t\t\n\t\t<input type=\"date\" name=\"form_fields[field_59ba4e8]\" id=\"form-field-field_59ba4e8\" class=\"elementor-field elementor-size-sm  elementor-field-textual elementor-date-field\" placeholder=\"DATA PRETENDIDA\" required=\"required\" aria-required=\"true\" pattern=\"[0-9]{4}-[0-9]{2}-[0-9]{2}\">\n\t\t\t\t\t\t<\/div>\n\t\t\t\t\t\t\t\t<div class=\"elementor-field-type-select elementor-field-group elementor-column elementor-field-group-field_21648ed elementor-col-30 elementor-field-required\">\n\t\t\t\t\t\t\t\t\t\t\t\t<label for=\"form-field-field_21648ed\" class=\"elementor-field-label\">\n\t\t\t\t\t\t\t\tQUANTOS COLABORADORES\t\t\t\t\t\t\t<\/label>\n\t\t\t\t\t\t\t\t<div class=\"elementor-field elementor-select-wrapper remove-before \">\n\t\t\t<div class=\"select-caret-down-wrapper\">\n\t\t\t\t<i aria-hidden=\"true\" class=\"eicon-caret-down\"><\/i>\t\t\t<\/div>\n\t\t\t<select name=\"form_fields[field_21648ed]\" id=\"form-field-field_21648ed\" class=\"elementor-field-textual elementor-size-sm\" required=\"required\" aria-required=\"true\">\n\t\t\t\t\t\t\t\t\t<option value=\"1\">1<\/option>\n\t\t\t\t\t\t\t\t\t<option value=\"2\">2<\/option>\n\t\t\t\t\t\t\t\t\t<option value=\"3\">3<\/option>\n\t\t\t\t\t\t\t\t\t<option value=\"4\">4<\/option>\n\t\t\t\t\t\t\t\t\t<option value=\"MAIS\">MAIS<\/option>\n\t\t\t\t\t\t\t<\/select>\n\t\t<\/div>\n\t\t\t\t\t\t<\/div>\n\t\t\t\t\t\t\t\t<div class=\"elementor-field-type-text elementor-field-group elementor-column elementor-field-group-field_1de906c elementor-col-30 elementor-field-required\">\n\t\t\t\t\t\t\t\t\t\t\t\t<label for=\"form-field-field_1de906c\" class=\"elementor-field-label\">\n\t\t\t\t\t\t\t\tTIPO DE MUDAN\u00c7A\t\t\t\t\t\t\t<\/label>\n\t\t\t\t\t\t\t\t\t\t\t\t\t\t<input size=\"1\" type=\"text\" name=\"form_fields[field_1de906c]\" id=\"form-field-field_1de906c\" class=\"elementor-field elementor-size-sm  elementor-field-textual\" placeholder=\"TIPO DE MUDAN\u00c7A\" required=\"required\" aria-required=\"true\">\n\t\t\t\t\t\t\t\t\t\t\t<\/div>\n\t\t\t\t\t\t\t\t<div class=\"elementor-field-type-select elementor-field-group elementor-column elementor-field-group-field_22c2546 elementor-col-100 elementor-field-required\">\n\t\t\t\t\t\t\t\t\t\t\t\t<label for=\"form-field-field_22c2546\" class=\"elementor-field-label\">\n\t\t\t\t\t\t\t\tSELECIONE A VIATURA\t\t\t\t\t\t\t<\/label>\n\t\t\t\t\t\t\t\t<div class=\"elementor-field elementor-select-wrapper remove-before \">\n\t\t\t<div class=\"select-caret-down-wrapper\">\n\t\t\t\t<i aria-hidden=\"true\" class=\"eicon-caret-down\"><\/i>\t\t\t<\/div>\n\t\t\t<select name=\"form_fields[field_22c2546]\" id=\"form-field-field_22c2546\" class=\"elementor-field-textual elementor-size-sm\" required=\"required\" aria-required=\"true\">\n\t\t\t\t\t\t\t\t\t<option value=\"15 M3 - AT\u00c9 T0\/T1\">15 M3 - AT\u00c9 T0\/T1<\/option>\n\t\t\t\t\t\t\t\t\t<option value=\"17 M3 - AT\u00c9  T1\/T2\">17 M3 - AT\u00c9  T1\/T2<\/option>\n\t\t\t\t\t\t\t\t\t<option value=\"20 M3 - AT\u00c9  T2\">20 M3 - AT\u00c9  T2<\/option>\n\t\t\t\t\t\t\t\t\t<option value=\"23 M3 - AT\u00c9  T3\">23 M3 - AT\u00c9  T3<\/option>\n\t\t\t\t\t\t\t\t\t<option value=\"25 M3 - AT\u00c9 T3\/T4\">25 M3 - AT\u00c9 T3\/T4<\/option>\n\t\t\t\t\t\t\t\t\t<option value=\"Outro , especifique na descri\u00e7\u00e3o\">Outro , especifique na descri\u00e7\u00e3o<\/option>\n\t\t\t\t\t\t\t\t\t<option value=\"\"><\/option>\n\t\t\t\t\t\t\t\t\t<option value=\"\"><\/option>\n\t\t\t\t\t\t\t<\/select>\n\t\t<\/div>\n\t\t\t\t\t\t<\/div>\n\t\t\t\t\t\t\t\t<div class=\"elementor-field-type-checkbox elementor-field-group elementor-column elementor-field-group-field_e75c8c2 elementor-col-50\">\n\t\t\t\t\t\t\t\t\t\t\t\t<label for=\"form-field-field_e75c8c2\" class=\"elementor-field-label\">\n\t\t\t\t\t\t\t\tSelecione os servi\u00e7os pretendidos:\t\t\t\t\t\t\t<\/label>\n\t\t\t\t\t\t<div class=\"elementor-field-subgroup  \"><span class=\"elementor-field-option\"><input type=\"checkbox\" value=\"Cargas e descargas\" id=\"form-field-field_e75c8c2-0\" name=\"form_fields[field_e75c8c2][]\"> <label for=\"form-field-field_e75c8c2-0\">Cargas e descargas<\/label><\/span><span class=\"elementor-field-option\"><input type=\"checkbox\" value=\"Montagens\" id=\"form-field-field_e75c8c2-1\" name=\"form_fields[field_e75c8c2][]\"> <label for=\"form-field-field_e75c8c2-1\">Montagens<\/label><\/span><span class=\"elementor-field-option\"><input type=\"checkbox\" value=\"Desmontagens\" id=\"form-field-field_e75c8c2-2\" name=\"form_fields[field_e75c8c2][]\"> <label for=\"form-field-field_e75c8c2-2\">Desmontagens<\/label><\/span><span class=\"elementor-field-option\"><input type=\"checkbox\" value=\"Embalamento\" id=\"form-field-field_e75c8c2-3\" name=\"form_fields[field_e75c8c2][]\"> <label for=\"form-field-field_e75c8c2-3\">Embalamento<\/label><\/span><span class=\"elementor-field-option\"><input type=\"checkbox\" value=\"DesembalarInstala\u00e7\u00e3o de mobili\u00e1rios e eletros\" id=\"form-field-field_e75c8c2-4\" name=\"form_fields[field_e75c8c2][]\"> <label for=\"form-field-field_e75c8c2-4\">DesembalarInstala\u00e7\u00e3o de mobili\u00e1rios e eletros<\/label><\/span><\/div>\t\t\t\t<\/div>\n\t\t\t\t\t\t\t\t<div class=\"elementor-field-type-checkbox elementor-field-group elementor-column elementor-field-group-field_5388989 elementor-col-50\">\n\t\t\t\t\t\t\t\t\t\t\t\t<label for=\"form-field-field_5388989\" class=\"elementor-field-label\">\n\t\t\t\t\t\t\t\tMateriais necess\u00e1rios:\t\t\t\t\t\t\t<\/label>\n\t\t\t\t\t\t<div class=\"elementor-field-subgroup  \"><span class=\"elementor-field-option\"><input type=\"checkbox\" value=\"Pel\u00edculas\" id=\"form-field-field_5388989-0\" name=\"form_fields[field_5388989][]\"> <label for=\"form-field-field_5388989-0\">Pel\u00edculas<\/label><\/span><span class=\"elementor-field-option\"><input type=\"checkbox\" value=\"Aderentes\" id=\"form-field-field_5388989-1\" name=\"form_fields[field_5388989][]\"> <label for=\"form-field-field_5388989-1\">Aderentes<\/label><\/span><span class=\"elementor-field-option\"><input type=\"checkbox\" value=\"Pl\u00e1stico bolhas\" id=\"form-field-field_5388989-2\" name=\"form_fields[field_5388989][]\"> <label for=\"form-field-field_5388989-2\">Pl\u00e1stico bolhas<\/label><\/span><span class=\"elementor-field-option\"><input type=\"checkbox\" value=\"Cart\u00e3o canelado\" id=\"form-field-field_5388989-3\" name=\"form_fields[field_5388989][]\"> <label for=\"form-field-field_5388989-3\">Cart\u00e3o canelado<\/label><\/span><span class=\"elementor-field-option\"><input type=\"checkbox\" value=\"Caixas de cart\u00e3o\" id=\"form-field-field_5388989-4\" name=\"form_fields[field_5388989][]\"> <label for=\"form-field-field_5388989-4\">Caixas de cart\u00e3o<\/label><\/span><span class=\"elementor-field-option\"><input type=\"checkbox\" value=\"Fita Cola\" id=\"form-field-field_5388989-5\" name=\"form_fields[field_5388989][]\"> <label for=\"form-field-field_5388989-5\">Fita Cola<\/label><\/span><span class=\"elementor-field-option\"><input type=\"checkbox\" value=\"Cabideiros\" id=\"form-field-field_5388989-6\" name=\"form_fields[field_5388989][]\"> <label for=\"form-field-field_5388989-6\">Cabideiros<\/label><\/span><span class=\"elementor-field-option\"><input type=\"checkbox\" value=\"Mantas p\/ prote\u00e7\u00e3o (gratuitas)\" id=\"form-field-field_5388989-7\" name=\"form_fields[field_5388989][]\"> <label for=\"form-field-field_5388989-7\">Mantas p\/ prote\u00e7\u00e3o (gratuitas)<\/label><\/span><\/div>\t\t\t\t<\/div>\n\t\t\t\t\t\t\t\t<div class=\"elementor-field-type-textarea elementor-field-group elementor-column elementor-field-group-message elementor-col-100\">\n\t\t\t\t\t\t\t\t\t\t\t\t<label for=\"form-field-message\" class=\"elementor-field-label\">\n\t\t\t\t\t\t\t\tDescri\u00e7\u00e3o\t\t\t\t\t\t\t<\/label>\n\t\t\t\t\t\t<textarea class=\"elementor-field-textual elementor-field  elementor-size-sm\" name=\"form_fields[message]\" id=\"form-field-message\" rows=\"4\" placeholder=\"Descri\u00e7\u00e3o\"><\/textarea>\t\t\t\t<\/div>\n\t\t\t\t\t\t\t\t<div class=\"elementor-field-group elementor-column elementor-field-type-submit elementor-col-100 e-form__buttons\">\n\t\t\t\t\t<button type=\"submit\" class=\"elementor-button elementor-size-sm\">\n\t\t\t\t\t\t<span >\n\t\t\t\t\t\t\t\t\t\t\t\t\t\t\t<span class=\" elementor-button-icon\">\n\t\t\t\t\t\t\t\t\t\t\t\t\t\t\t\t\t\t\t\t\t\t\t\t\t\t<\/span>\n\t\t\t\t\t\t\t\t\t\t\t\t\t\t\t\t\t\t\t\t\t\t<span class=\"elementor-button-text\">SOLICITAR <\/span>\n\t\t\t\t\t\t\t\t\t\t\t\t\t<\/span>\n\t\t\t\t\t<\/button>\n\t\t\t\t<\/div>\n\t\t\t<\/div>\n\t\t<\/form>\n\t\t\t\t\t\t<\/div>\n\t\t\t\t<\/div>\n\t\t\t\t\t<\/div>\n\t\t<\/div>\n\t\t\t\t\t<\/div>\n\t\t<\/section>\n\t\t\t\t<\/div>\n\t\t","protected":false},"excerpt":{"rendered":"<p>Contactos A Doutor Mudan\u00e7as \u00e9 uma empresa mudan\u00e7as e transportes com armazenagem de bens em Lisboa. Exercemos nossa actividade na Grande Lisboa e Margem Sul sempre com seguran\u00e7a, pontualidade, honestidade e efici\u00eancia, al\u00e9m de os melhores materiais de embalamento. Somos uma empresa de mudan\u00e7a Certificada com Alvar\u00e1 TP. As nossas tarifas s\u00e3o variadas, por\u00e9m acess\u00edveis &hellip;<\/p>\n<p class=\"read-more\"> <a class=\"\" href=\"https:\/\/dr-mudancas.pt\/inicio\/a-doutor-mudancas\/\"> <span class=\"screen-reader-text\">A Doutor Mudan\u00e7as<\/span> Read More &raquo;<\/a><\/p>\n","protected":false},"author":1,"featured_media":0,"parent":0,"menu_order":0,"comment_status":"closed","ping_status":"closed","template":"","meta":{"site-sidebar-layout":"no-sidebar","site-content-layout":"page-builder","ast-global-header-display":"","ast-main-header-display":"","ast-hfb-above-header-display":"","ast-hfb-below-header-display":"","ast-hfb-mobile-header-display":"","site-post-title":"disabled","ast-breadcrumbs-content":"","ast-featured-img":"disabled","footer-sml-layout":"","theme-transparent-header-meta":"default","adv-header-id-meta":"","stick-header-meta":"","header-above-stick-meta":"","header-main-stick-meta":"","header-below-stick-meta":"","footnotes":""},"class_list":["post-663","page","type-page","status-publish","hentry"],"_links":{"self":[{"href":"https:\/\/dr-mudancas.pt\/inicio\/wp-json\/wp\/v2\/pages\/663","targetHints":{"allow":["GET"]}}],"collection":[{"href":"https:\/\/dr-mudancas.pt\/inicio\/wp-json\/wp\/v2\/pages"}],"about":[{"href":"https:\/\/dr-mudancas.pt\/inicio\/wp-json\/wp\/v2\/types\/page"}],"author":[{"embeddable":true,"href":"https:\/\/dr-mudancas.pt\/inicio\/wp-json\/wp\/v2\/users\/1"}],"replies":[{"embeddable":true,"href":"https:\/\/dr-mudancas.pt\/inicio\/wp-json\/wp\/v2\/comments?post=663"}],"version-history":[{"count":11,"href":"https:\/\/dr-mudancas.pt\/inicio\/wp-json\/wp\/v2\/pages\/663\/revisions"}],"predecessor-version":[{"id":758,"href":"https:\/\/dr-mudancas.pt\/inicio\/wp-json\/wp\/v2\/pages\/663\/revisions\/758"}],"wp:attachment":[{"href":"https:\/\/dr-mudancas.pt\/inicio\/wp-json\/wp\/v2\/media?parent=663"}],"curies":[{"name":"wp","href":"https:\/\/api.w.org\/{rel}","templated":true}]}}