{"id":702,"date":"2020-07-09T17:58:52","date_gmt":"2020-07-09T17:58:52","guid":{"rendered":"https:\/\/dr-mudancas.pt\/inicio\/?page_id=702"},"modified":"2021-06-02T10:19:46","modified_gmt":"2021-06-02T10:19:46","slug":"empresa-de-mudancas","status":"publish","type":"page","link":"https:\/\/dr-mudancas.pt\/inicio\/empresa-de-mudancas\/","title":{"rendered":"Empresa de Mudan\u00e7as"},"content":{"rendered":"\t\t<div data-elementor-type=\"wp-page\" data-elementor-id=\"702\" class=\"elementor elementor-702\">\n\t\t\t\t\t\t<section class=\"elementor-section elementor-top-section elementor-element elementor-element-1508f92 elementor-section-boxed elementor-section-height-default elementor-section-height-default\" data-id=\"1508f92\" data-element_type=\"section\" data-settings=\"{&quot;background_background&quot;:&quot;classic&quot;}\">\n\t\t\t\t\t\t\t<div class=\"elementor-background-overlay\"><\/div>\n\t\t\t\t\t\t\t<div class=\"elementor-container elementor-column-gap-default\">\n\t\t\t\t\t<div class=\"elementor-column elementor-col-100 elementor-top-column elementor-element elementor-element-8f72116\" data-id=\"8f72116\" data-element_type=\"column\">\n\t\t\t<div class=\"elementor-widget-wrap elementor-element-populated\">\n\t\t\t\t\t\t<div class=\"elementor-element elementor-element-1123c77 elementor-widget elementor-widget-heading\" data-id=\"1123c77\" data-element_type=\"widget\" data-widget_type=\"heading.default\">\n\t\t\t\t<div class=\"elementor-widget-container\">\n\t\t\t\t\t<h2 class=\"elementor-heading-title elementor-size-default\">Empresa de Mudan\u00e7as<\/h2>\t\t\t\t<\/div>\n\t\t\t\t<\/div>\n\t\t\t\t\t<\/div>\n\t\t<\/div>\n\t\t\t\t\t<\/div>\n\t\t<\/section>\n\t\t\t\t<section class=\"elementor-section elementor-top-section elementor-element elementor-element-71849e8 elementor-section-boxed elementor-section-height-default elementor-section-height-default\" data-id=\"71849e8\" data-element_type=\"section\" data-settings=\"{&quot;background_background&quot;:&quot;classic&quot;}\">\n\t\t\t\t\t\t<div class=\"elementor-container elementor-column-gap-default\">\n\t\t\t\t\t<div class=\"elementor-column elementor-col-100 elementor-top-column elementor-element elementor-element-6d97e6a\" data-id=\"6d97e6a\" data-element_type=\"column\">\n\t\t\t<div class=\"elementor-widget-wrap elementor-element-populated\">\n\t\t\t\t\t\t<div class=\"elementor-element elementor-element-a9be1f6 elementor-widget elementor-widget-text-editor\" data-id=\"a9be1f6\" data-element_type=\"widget\" data-widget_type=\"text-editor.default\">\n\t\t\t\t<div class=\"elementor-widget-container\">\n\t\t\t\t\t\t\t\t\t<p style=\"font-size: 16px; font-style: normal; font-weight: 400;\"><span style=\"font-size: 16px; font-weight: 400;\">H\u00e1 mais de 15 anos no mercado, realizamos com seguran\u00e7a e agilidade mudan\u00e7as completas em todo distrito de Lisboa e Margem sul.<\/span><\/p><p style=\"font-size: 16px; font-style: normal; font-weight: 400;\"><span style=\"font-size: 16px; font-style: normal; font-weight: 400;\">Fazemos mudan\u00e7as dom\u00e9sticas, mudan\u00e7as de escrit\u00f3rio, mudan\u00e7as de casa, mudan\u00e7as de empresa, mudan\u00e7as internacionais ou transportes de carga, armazenagem de bens e transporte de mercadorias.<\/span><\/p><p style=\"font-size: 16px; font-style: normal; font-weight: 400;\"><span style=\"font-size: 16px; font-weight: 400;\">Al\u00e9m do transporte de bens e mercadorias, oferecemos os servi\u00e7os de desmontagem e montagem de m\u00f3veis, remo\u00e7\u00e3o e instala\u00e7\u00e3o de eletrodom\u00e9sticos.<\/span><\/p><p style=\"font-size: 16px; font-style: normal; font-weight: 400;\"><span style=\"font-size: 16px; font-weight: 400;\">Realizamos o embalamento de seus bens utilizando os melhores e mais diversos materiais, de forma a acomodar a necessidade individual de cada objeto. Garantindo assim uma mudan\u00e7a organizada, r\u00e1pida e segura.<\/span><\/p><p style=\"font-size: 16px; font-style: normal; font-weight: 400;\"><span style=\"font-size: 16px; font-weight: 400;\">Para casos que exijam maior agilidade e economia, nosso servi\u00e7os express realiza sua mudan\u00e7a da forma mais r\u00e1pida e visando o menor custo poss\u00edvel, sem abrir m\u00e3o da seguran\u00e7a e organiza\u00e7\u00e3o que sempre oferecemos.<\/span><\/p><p style=\"font-size: 16px; font-style: normal; font-weight: 400;\"><span style=\"font-size: 16px; font-weight: 400;\">Em nosso servi\u00e7o \u201cchave na m\u00e3o\u201d, cuidamos de tudo por si.<\/span><span style=\"font-size: 16px; font-weight: 400;\"><br><\/span><span style=\"font-size: 16px; font-weight: 400;\">Desmontamos, embalamos, transportamos todo recheio da casa e montamos, instalamos guardamos e organizamos tudo na casa nova. Um servi\u00e7o personalizado e sem complica\u00e7\u00f5es ou dores de cabe\u00e7a.<\/span><span style=\"font-size: 16px; font-weight: 400;\"><br><\/span><span style=\"font-size: 16px; font-weight: 400;\"><br><\/span><span style=\"font-size: 16px; font-weight: 400;\">Entre agora mesmo em&nbsp;<\/span><a href=\"https:\/\/dr-mudancas.pt\/inicio\/a-doutor-transportes\" target=\"_blank\" rel=\"noopener\" style=\"font-size: 16px;\">contacto<\/a><span style=\"font-size: 16px; font-weight: 400;\">&nbsp;com a Doutor Mudan\u00e7as e solicite um or\u00e7amento gratuito.<\/span><\/p>\n<p>Adaptamo-nos \u00e0s suas necessidades, colocando ao seu dispor v\u00e1rias possibilidades para a realiza\u00e7\u00e3o da sua mudan\u00e7a desde a desmontagem e embalamento dos bens a transportar at\u00e9 \u00e0 sua montagem na nova morada, ou um servi\u00e7o de<strong> mudan\u00e7as low-cost<\/strong>, em que apenas efetuamos o transporte dos seus bens.<\/p>\n<p><strong>Servi\u00e7o de mudan\u00e7as profissional e personalizado.<\/strong><\/p>\t\t\t\t\t\t\t\t<\/div>\n\t\t\t\t<\/div>\n\t\t\t\t\t<\/div>\n\t\t<\/div>\n\t\t\t\t\t<\/div>\n\t\t<\/section>\n\t\t\t\t<section class=\"elementor-section elementor-top-section elementor-element elementor-element-42900e9 elementor-section-boxed elementor-section-height-default elementor-section-height-default\" data-id=\"42900e9\" data-element_type=\"section\">\n\t\t\t\t\t\t<div class=\"elementor-container elementor-column-gap-default\">\n\t\t\t\t\t<div class=\"elementor-column elementor-col-100 elementor-top-column elementor-element elementor-element-e036a7b\" data-id=\"e036a7b\" data-element_type=\"column\">\n\t\t\t<div class=\"elementor-widget-wrap elementor-element-populated\">\n\t\t\t\t\t\t<div class=\"elementor-element elementor-element-d32a8ee elementor-widget elementor-widget-heading\" data-id=\"d32a8ee\" data-element_type=\"widget\" data-widget_type=\"heading.default\">\n\t\t\t\t<div class=\"elementor-widget-container\">\n\t\t\t\t\t<h2 class=\"elementor-heading-title elementor-size-default\">Solicite um or\u00e7amento<\/h2>\t\t\t\t<\/div>\n\t\t\t\t<\/div>\n\t\t\t\t\t<\/div>\n\t\t<\/div>\n\t\t\t\t\t<\/div>\n\t\t<\/section>\n\t\t\t\t<section class=\"elementor-section elementor-top-section elementor-element elementor-element-6d446dc5 elementor-section-boxed elementor-section-height-default elementor-section-height-default\" data-id=\"6d446dc5\" data-element_type=\"section\">\n\t\t\t\t\t\t<div class=\"elementor-container elementor-column-gap-default\">\n\t\t\t\t\t<div class=\"elementor-column elementor-col-100 elementor-top-column elementor-element elementor-element-7ece658f\" data-id=\"7ece658f\" data-element_type=\"column\">\n\t\t\t<div class=\"elementor-widget-wrap elementor-element-populated\">\n\t\t\t\t\t\t<div class=\"elementor-element elementor-element-69cb2ffb elementor-button-align-stretch elementor-widget elementor-widget-form\" data-id=\"69cb2ffb\" data-element_type=\"widget\" data-settings=\"{&quot;step_next_label&quot;:&quot;Next&quot;,&quot;step_previous_label&quot;:&quot;Previous&quot;,&quot;button_width&quot;:&quot;100&quot;,&quot;step_type&quot;:&quot;number_text&quot;,&quot;step_icon_shape&quot;:&quot;circle&quot;}\" data-widget_type=\"form.default\">\n\t\t\t\t<div class=\"elementor-widget-container\">\n\t\t\t\t\t\t\t<form class=\"elementor-form\" method=\"post\" name=\"New Form\">\n\t\t\t<input type=\"hidden\" name=\"post_id\" value=\"702\"\/>\n\t\t\t<input type=\"hidden\" name=\"form_id\" value=\"69cb2ffb\"\/>\n\t\t\t<input type=\"hidden\" name=\"referer_title\" value=\"\" \/>\n\n\t\t\t\n\t\t\t<div class=\"elementor-form-fields-wrapper elementor-labels-above\">\n\t\t\t\t\t\t\t\t<div class=\"elementor-field-type-text elementor-field-group elementor-column elementor-field-group-name elementor-col-100\">\n\t\t\t\t\t\t\t\t\t\t\t\t<label for=\"form-field-name\" class=\"elementor-field-label\">\n\t\t\t\t\t\t\t\tName\t\t\t\t\t\t\t<\/label>\n\t\t\t\t\t\t\t\t\t\t\t\t\t\t<input size=\"1\" type=\"text\" name=\"form_fields[name]\" id=\"form-field-name\" class=\"elementor-field elementor-size-sm  elementor-field-textual\" placeholder=\"Name\">\n\t\t\t\t\t\t\t\t\t\t\t<\/div>\n\t\t\t\t\t\t\t\t<div class=\"elementor-field-type-email elementor-field-group elementor-column elementor-field-group-email elementor-col-50 elementor-field-required\">\n\t\t\t\t\t\t\t\t\t\t\t\t<label for=\"form-field-email\" class=\"elementor-field-label\">\n\t\t\t\t\t\t\t\tEmail\t\t\t\t\t\t\t<\/label>\n\t\t\t\t\t\t\t\t\t\t\t\t\t\t<input size=\"1\" type=\"email\" name=\"form_fields[email]\" id=\"form-field-email\" class=\"elementor-field elementor-size-sm  elementor-field-textual\" placeholder=\"Email\" required=\"required\" aria-required=\"true\">\n\t\t\t\t\t\t\t\t\t\t\t<\/div>\n\t\t\t\t\t\t\t\t<div class=\"elementor-field-type-tel elementor-field-group elementor-column elementor-field-group-field_863049a elementor-col-50 elementor-field-required\">\n\t\t\t\t\t\t\t\t\t\t\t\t<label for=\"form-field-field_863049a\" class=\"elementor-field-label\">\n\t\t\t\t\t\t\t\tTelem\u00f3vel\t\t\t\t\t\t\t<\/label>\n\t\t\t\t\t\t\t\t<input size=\"1\" type=\"tel\" name=\"form_fields[field_863049a]\" id=\"form-field-field_863049a\" class=\"elementor-field elementor-size-sm  elementor-field-textual\" placeholder=\"Telem\u00f3vel\" required=\"required\" aria-required=\"true\" pattern=\"[0-9()#&amp;+*-=.]+\" title=\"Only numbers and phone characters (#, -, *, etc) are accepted.\">\n\n\t\t\t\t\t\t<\/div>\n\t\t\t\t\t\t\t\t<div class=\"elementor-field-type-text elementor-field-group elementor-column elementor-field-group-field_cadd1d6 elementor-col-30\">\n\t\t\t\t\t\t\t\t\t\t\t\t<label for=\"form-field-field_cadd1d6\" class=\"elementor-field-label\">\n\t\t\t\t\t\t\t\tMORADA DE CARGA\t\t\t\t\t\t\t<\/label>\n\t\t\t\t\t\t\t\t\t\t\t\t\t\t<input size=\"1\" type=\"text\" name=\"form_fields[field_cadd1d6]\" id=\"form-field-field_cadd1d6\" class=\"elementor-field elementor-size-sm  elementor-field-textual\" placeholder=\"MORADA DE CARGA\">\n\t\t\t\t\t\t\t\t\t\t\t<\/div>\n\t\t\t\t\t\t\t\t<div class=\"elementor-field-type-text elementor-field-group elementor-column elementor-field-group-field_82e754d elementor-col-30\">\n\t\t\t\t\t\t\t\t\t\t\t\t<label for=\"form-field-field_82e754d\" class=\"elementor-field-label\">\n\t\t\t\t\t\t\t\tMORADA DE DESCARGA\t\t\t\t\t\t\t<\/label>\n\t\t\t\t\t\t\t\t\t\t\t\t\t\t<input size=\"1\" type=\"text\" name=\"form_fields[field_82e754d]\" id=\"form-field-field_82e754d\" class=\"elementor-field elementor-size-sm  elementor-field-textual\" placeholder=\"MORADA DE DESCARGA\">\n\t\t\t\t\t\t\t\t\t\t\t<\/div>\n\t\t\t\t\t\t\t\t<div class=\"elementor-field-type-select elementor-field-group elementor-column elementor-field-group-field_16d8659 elementor-col-30 elementor-field-required\">\n\t\t\t\t\t\t\t\t\t\t\t\t<label for=\"form-field-field_16d8659\" class=\"elementor-field-label\">\n\t\t\t\t\t\t\t\tELEVADORES \t\t\t\t\t\t\t<\/label>\n\t\t\t\t\t\t\t\t<div class=\"elementor-field elementor-select-wrapper remove-before \">\n\t\t\t<div class=\"select-caret-down-wrapper\">\n\t\t\t\t<i aria-hidden=\"true\" class=\"eicon-caret-down\"><\/i>\t\t\t<\/div>\n\t\t\t<select name=\"form_fields[field_16d8659]\" id=\"form-field-field_16d8659\" class=\"elementor-field-textual elementor-size-sm\" required=\"required\" aria-required=\"true\">\n\t\t\t\t\t\t\t\t\t<option value=\"SIM\">SIM<\/option>\n\t\t\t\t\t\t\t\t\t<option value=\"N\u00c3O\">N\u00c3O<\/option>\n\t\t\t\t\t\t\t<\/select>\n\t\t<\/div>\n\t\t\t\t\t\t<\/div>\n\t\t\t\t\t\t\t\t<div class=\"elementor-field-type-date elementor-field-group elementor-column elementor-field-group-field_59ba4e8 elementor-col-30 elementor-field-required\">\n\t\t\t\t\t\t\t\t\t\t\t\t<label for=\"form-field-field_59ba4e8\" class=\"elementor-field-label\">\n\t\t\t\t\t\t\t\tDATA PRETENDIDA\t\t\t\t\t\t\t<\/label>\n\t\t\t\t\t\t\n\t\t<input type=\"date\" name=\"form_fields[field_59ba4e8]\" id=\"form-field-field_59ba4e8\" class=\"elementor-field elementor-size-sm  elementor-field-textual elementor-date-field\" placeholder=\"DATA PRETENDIDA\" required=\"required\" aria-required=\"true\" pattern=\"[0-9]{4}-[0-9]{2}-[0-9]{2}\">\n\t\t\t\t\t\t<\/div>\n\t\t\t\t\t\t\t\t<div class=\"elementor-field-type-select elementor-field-group elementor-column elementor-field-group-field_21648ed elementor-col-30 elementor-field-required\">\n\t\t\t\t\t\t\t\t\t\t\t\t<label for=\"form-field-field_21648ed\" class=\"elementor-field-label\">\n\t\t\t\t\t\t\t\tQUANTOS COLABORADORES\t\t\t\t\t\t\t<\/label>\n\t\t\t\t\t\t\t\t<div class=\"elementor-field elementor-select-wrapper remove-before \">\n\t\t\t<div class=\"select-caret-down-wrapper\">\n\t\t\t\t<i aria-hidden=\"true\" class=\"eicon-caret-down\"><\/i>\t\t\t<\/div>\n\t\t\t<select name=\"form_fields[field_21648ed]\" id=\"form-field-field_21648ed\" class=\"elementor-field-textual elementor-size-sm\" required=\"required\" aria-required=\"true\">\n\t\t\t\t\t\t\t\t\t<option value=\"1\">1<\/option>\n\t\t\t\t\t\t\t\t\t<option value=\"2\">2<\/option>\n\t\t\t\t\t\t\t\t\t<option value=\"3\">3<\/option>\n\t\t\t\t\t\t\t\t\t<option value=\"4\">4<\/option>\n\t\t\t\t\t\t\t\t\t<option value=\"MAIS\">MAIS<\/option>\n\t\t\t\t\t\t\t<\/select>\n\t\t<\/div>\n\t\t\t\t\t\t<\/div>\n\t\t\t\t\t\t\t\t<div class=\"elementor-field-type-text elementor-field-group elementor-column elementor-field-group-field_1de906c elementor-col-30 elementor-field-required\">\n\t\t\t\t\t\t\t\t\t\t\t\t<label for=\"form-field-field_1de906c\" class=\"elementor-field-label\">\n\t\t\t\t\t\t\t\tTIPO DE MUDAN\u00c7A\t\t\t\t\t\t\t<\/label>\n\t\t\t\t\t\t\t\t\t\t\t\t\t\t<input size=\"1\" type=\"text\" name=\"form_fields[field_1de906c]\" id=\"form-field-field_1de906c\" class=\"elementor-field elementor-size-sm  elementor-field-textual\" placeholder=\"TIPO DE MUDAN\u00c7A\" required=\"required\" aria-required=\"true\">\n\t\t\t\t\t\t\t\t\t\t\t<\/div>\n\t\t\t\t\t\t\t\t<div class=\"elementor-field-type-select elementor-field-group elementor-column elementor-field-group-field_22c2546 elementor-col-100 elementor-field-required\">\n\t\t\t\t\t\t\t\t\t\t\t\t<label for=\"form-field-field_22c2546\" class=\"elementor-field-label\">\n\t\t\t\t\t\t\t\tSELECIONE A VIATURA\t\t\t\t\t\t\t<\/label>\n\t\t\t\t\t\t\t\t<div class=\"elementor-field elementor-select-wrapper remove-before \">\n\t\t\t<div class=\"select-caret-down-wrapper\">\n\t\t\t\t<i aria-hidden=\"true\" class=\"eicon-caret-down\"><\/i>\t\t\t<\/div>\n\t\t\t<select name=\"form_fields[field_22c2546]\" id=\"form-field-field_22c2546\" class=\"elementor-field-textual elementor-size-sm\" required=\"required\" aria-required=\"true\">\n\t\t\t\t\t\t\t\t\t<option value=\"15 M3 - AT\u00c9 T0\/T1\">15 M3 - AT\u00c9 T0\/T1<\/option>\n\t\t\t\t\t\t\t\t\t<option value=\"17 M3 - AT\u00c9  T1\/T2\">17 M3 - AT\u00c9  T1\/T2<\/option>\n\t\t\t\t\t\t\t\t\t<option value=\"20 M3 - AT\u00c9  T2\">20 M3 - AT\u00c9  T2<\/option>\n\t\t\t\t\t\t\t\t\t<option value=\"23 M3 - AT\u00c9  T3\">23 M3 - AT\u00c9  T3<\/option>\n\t\t\t\t\t\t\t\t\t<option value=\"25 M3 - AT\u00c9 T3\/T4\">25 M3 - AT\u00c9 T3\/T4<\/option>\n\t\t\t\t\t\t\t\t\t<option value=\"Outro , especifique na descri\u00e7\u00e3o\">Outro , especifique na descri\u00e7\u00e3o<\/option>\n\t\t\t\t\t\t\t\t\t<option value=\"\"><\/option>\n\t\t\t\t\t\t\t\t\t<option value=\"\"><\/option>\n\t\t\t\t\t\t\t<\/select>\n\t\t<\/div>\n\t\t\t\t\t\t<\/div>\n\t\t\t\t\t\t\t\t<div class=\"elementor-field-type-checkbox elementor-field-group elementor-column elementor-field-group-field_e75c8c2 elementor-col-50\">\n\t\t\t\t\t\t\t\t\t\t\t\t<label for=\"form-field-field_e75c8c2\" class=\"elementor-field-label\">\n\t\t\t\t\t\t\t\tSelecione os servi\u00e7os pretendidos:\t\t\t\t\t\t\t<\/label>\n\t\t\t\t\t\t<div class=\"elementor-field-subgroup  \"><span class=\"elementor-field-option\"><input type=\"checkbox\" value=\"Cargas e descargas\" id=\"form-field-field_e75c8c2-0\" name=\"form_fields[field_e75c8c2][]\"> <label for=\"form-field-field_e75c8c2-0\">Cargas e descargas<\/label><\/span><span class=\"elementor-field-option\"><input type=\"checkbox\" value=\"Montagens\" id=\"form-field-field_e75c8c2-1\" name=\"form_fields[field_e75c8c2][]\"> <label for=\"form-field-field_e75c8c2-1\">Montagens<\/label><\/span><span class=\"elementor-field-option\"><input type=\"checkbox\" value=\"Desmontagens\" id=\"form-field-field_e75c8c2-2\" name=\"form_fields[field_e75c8c2][]\"> <label for=\"form-field-field_e75c8c2-2\">Desmontagens<\/label><\/span><span class=\"elementor-field-option\"><input type=\"checkbox\" value=\"Embalamento\" id=\"form-field-field_e75c8c2-3\" name=\"form_fields[field_e75c8c2][]\"> <label for=\"form-field-field_e75c8c2-3\">Embalamento<\/label><\/span><span class=\"elementor-field-option\"><input type=\"checkbox\" value=\"DesembalarInstala\u00e7\u00e3o de mobili\u00e1rios e eletros\" id=\"form-field-field_e75c8c2-4\" name=\"form_fields[field_e75c8c2][]\"> <label for=\"form-field-field_e75c8c2-4\">DesembalarInstala\u00e7\u00e3o de mobili\u00e1rios e eletros<\/label><\/span><\/div>\t\t\t\t<\/div>\n\t\t\t\t\t\t\t\t<div class=\"elementor-field-type-checkbox elementor-field-group elementor-column elementor-field-group-field_5388989 elementor-col-50\">\n\t\t\t\t\t\t\t\t\t\t\t\t<label for=\"form-field-field_5388989\" class=\"elementor-field-label\">\n\t\t\t\t\t\t\t\tMateriais necess\u00e1rios:\t\t\t\t\t\t\t<\/label>\n\t\t\t\t\t\t<div class=\"elementor-field-subgroup  \"><span class=\"elementor-field-option\"><input type=\"checkbox\" value=\"Pel\u00edculas\" id=\"form-field-field_5388989-0\" name=\"form_fields[field_5388989][]\"> <label for=\"form-field-field_5388989-0\">Pel\u00edculas<\/label><\/span><span class=\"elementor-field-option\"><input type=\"checkbox\" value=\"Aderentes\" id=\"form-field-field_5388989-1\" name=\"form_fields[field_5388989][]\"> <label for=\"form-field-field_5388989-1\">Aderentes<\/label><\/span><span class=\"elementor-field-option\"><input type=\"checkbox\" value=\"Pl\u00e1stico bolhas\" id=\"form-field-field_5388989-2\" name=\"form_fields[field_5388989][]\"> <label for=\"form-field-field_5388989-2\">Pl\u00e1stico bolhas<\/label><\/span><span class=\"elementor-field-option\"><input type=\"checkbox\" value=\"Cart\u00e3o canelado\" id=\"form-field-field_5388989-3\" name=\"form_fields[field_5388989][]\"> <label for=\"form-field-field_5388989-3\">Cart\u00e3o canelado<\/label><\/span><span class=\"elementor-field-option\"><input type=\"checkbox\" value=\"Caixas de cart\u00e3o\" id=\"form-field-field_5388989-4\" name=\"form_fields[field_5388989][]\"> <label for=\"form-field-field_5388989-4\">Caixas de cart\u00e3o<\/label><\/span><span class=\"elementor-field-option\"><input type=\"checkbox\" value=\"Fita Cola\" id=\"form-field-field_5388989-5\" name=\"form_fields[field_5388989][]\"> <label for=\"form-field-field_5388989-5\">Fita Cola<\/label><\/span><span class=\"elementor-field-option\"><input type=\"checkbox\" value=\"Cabideiros\" id=\"form-field-field_5388989-6\" name=\"form_fields[field_5388989][]\"> <label for=\"form-field-field_5388989-6\">Cabideiros<\/label><\/span><span class=\"elementor-field-option\"><input type=\"checkbox\" value=\"Mantas p\/ prote\u00e7\u00e3o (gratuitas)\" id=\"form-field-field_5388989-7\" name=\"form_fields[field_5388989][]\"> <label for=\"form-field-field_5388989-7\">Mantas p\/ prote\u00e7\u00e3o (gratuitas)<\/label><\/span><\/div>\t\t\t\t<\/div>\n\t\t\t\t\t\t\t\t<div class=\"elementor-field-type-textarea elementor-field-group elementor-column elementor-field-group-message elementor-col-100\">\n\t\t\t\t\t\t\t\t\t\t\t\t<label for=\"form-field-message\" class=\"elementor-field-label\">\n\t\t\t\t\t\t\t\tDescri\u00e7\u00e3o\t\t\t\t\t\t\t<\/label>\n\t\t\t\t\t\t<textarea class=\"elementor-field-textual elementor-field  elementor-size-sm\" name=\"form_fields[message]\" id=\"form-field-message\" rows=\"4\" placeholder=\"Descri\u00e7\u00e3o\"><\/textarea>\t\t\t\t<\/div>\n\t\t\t\t\t\t\t\t<div class=\"elementor-field-group elementor-column elementor-field-type-submit elementor-col-100 e-form__buttons\">\n\t\t\t\t\t<button type=\"submit\" class=\"elementor-button elementor-size-sm\">\n\t\t\t\t\t\t<span >\n\t\t\t\t\t\t\t\t\t\t\t\t\t\t\t<span class=\" elementor-button-icon\">\n\t\t\t\t\t\t\t\t\t\t\t\t\t\t\t\t\t\t\t\t\t\t\t\t\t\t<\/span>\n\t\t\t\t\t\t\t\t\t\t\t\t\t\t\t\t\t\t\t\t\t\t<span class=\"elementor-button-text\">SOLICITAR <\/span>\n\t\t\t\t\t\t\t\t\t\t\t\t\t<\/span>\n\t\t\t\t\t<\/button>\n\t\t\t\t<\/div>\n\t\t\t<\/div>\n\t\t<\/form>\n\t\t\t\t\t\t<\/div>\n\t\t\t\t<\/div>\n\t\t\t\t\t<\/div>\n\t\t<\/div>\n\t\t\t\t\t<\/div>\n\t\t<\/section>\n\t\t\t\t<\/div>\n\t\t","protected":false},"excerpt":{"rendered":"<p>Empresa de Mudan\u00e7as H\u00e1 mais de 15 anos no mercado, realizamos com seguran\u00e7a e agilidade mudan\u00e7as completas em todo distrito de Lisboa e Margem sul. Fazemos mudan\u00e7as dom\u00e9sticas, mudan\u00e7as de escrit\u00f3rio, mudan\u00e7as de casa, mudan\u00e7as de empresa, mudan\u00e7as internacionais ou transportes de carga, armazenagem de bens e transporte de mercadorias. Al\u00e9m do transporte de bens &hellip;<\/p>\n<p class=\"read-more\"> <a class=\"\" href=\"https:\/\/dr-mudancas.pt\/inicio\/empresa-de-mudancas\/\"> <span class=\"screen-reader-text\">Empresa de Mudan\u00e7as<\/span> Read More &raquo;<\/a><\/p>\n","protected":false},"author":1,"featured_media":0,"parent":0,"menu_order":0,"comment_status":"closed","ping_status":"closed","template":"","meta":{"site-sidebar-layout":"no-sidebar","site-content-layout":"page-builder","ast-global-header-display":"","ast-main-header-display":"","ast-hfb-above-header-display":"","ast-hfb-below-header-display":"","ast-hfb-mobile-header-display":"","site-post-title":"disabled","ast-breadcrumbs-content":"","ast-featured-img":"disabled","footer-sml-layout":"","theme-transparent-header-meta":"default","adv-header-id-meta":"","stick-header-meta":"","header-above-stick-meta":"","header-main-stick-meta":"","header-below-stick-meta":"","footnotes":""},"class_list":["post-702","page","type-page","status-publish","hentry"],"_links":{"self":[{"href":"https:\/\/dr-mudancas.pt\/inicio\/wp-json\/wp\/v2\/pages\/702","targetHints":{"allow":["GET"]}}],"collection":[{"href":"https:\/\/dr-mudancas.pt\/inicio\/wp-json\/wp\/v2\/pages"}],"about":[{"href":"https:\/\/dr-mudancas.pt\/inicio\/wp-json\/wp\/v2\/types\/page"}],"author":[{"embeddable":true,"href":"https:\/\/dr-mudancas.pt\/inicio\/wp-json\/wp\/v2\/users\/1"}],"replies":[{"embeddable":true,"href":"https:\/\/dr-mudancas.pt\/inicio\/wp-json\/wp\/v2\/comments?post=702"}],"version-history":[{"count":10,"href":"https:\/\/dr-mudancas.pt\/inicio\/wp-json\/wp\/v2\/pages\/702\/revisions"}],"predecessor-version":[{"id":745,"href":"https:\/\/dr-mudancas.pt\/inicio\/wp-json\/wp\/v2\/pages\/702\/revisions\/745"}],"wp:attachment":[{"href":"https:\/\/dr-mudancas.pt\/inicio\/wp-json\/wp\/v2\/media?parent=702"}],"curies":[{"name":"wp","href":"https:\/\/api.w.org\/{rel}","templated":true}]}}